{"id":663,"date":"2022-03-18T09:43:19","date_gmt":"2022-03-18T08:43:19","guid":{"rendered":"https:\/\/vinanahuel.siebenberge.com\/?post_type=product&#038;p=663"},"modified":"2024-07-17T16:03:00","modified_gmt":"2024-07-17T14:03:00","slug":"2014-el-primero","status":"publish","type":"product","link":"https:\/\/www.vinanahuel.cl\/es\/product\/2014-el-primero\/","title":{"rendered":"2014 EL PRIMERO"},"content":{"rendered":"<p>\"Una brisa fresca fluye a trav\u00e9s del Valle de Colchagua, cuyos vinos est\u00e1n entre los mejores\nque Chile tiene para ofrecer. Nunca he probado un vino como el del suizo Daniel Wiederkehr,\nque lleg\u00f3 a Chile en 2001. Diez a\u00f1os m\u00e1s tarde, en su propio vi\u00f1edo VI\u00d1A NAHUEL, plantado\nen 1942, comenz\u00f3 a producir su Cabernet Sauvignon. Las parras antiguas producen un vino\ndelicioso, con una acidez agradable y una rica variedad de fragancias.\"\nPatricio Tapia en el diario EL MERCURIO<\/p>","protected":false},"excerpt":{"rendered":"<p>Rub\u00ed-granate oscuro con toques p\u00farpura. Compacta estructura, pero elegante.\nFrutas negras como moras, ar\u00e1ndanos y                  cerezas. Nueces, un toque de bergamota, matices de mentas y casis, rico bouquet, Taninos equilibrados y bien fusionados.<br \/>\n\"Este vino pide un asado.\"<\/p>","protected":false},"featured_media":850,"template":"","meta":[],"product_brand":[],"product_cat":[26],"product_tag":[],"class_list":{"0":"post-663","1":"product","2":"type-product","3":"status-publish","4":"has-post-thumbnail","6":"product_cat-cabernet-sauvignon","8":"first","9":"instock","10":"shipping-taxable","11":"product-type-simple"},"_links":{"self":[{"href":"https:\/\/www.vinanahuel.cl\/es\/wp-json\/wp\/v2\/product\/663","targetHints":{"allow":["GET"]}}],"collection":[{"href":"https:\/\/www.vinanahuel.cl\/es\/wp-json\/wp\/v2\/product"}],"about":[{"href":"https:\/\/www.vinanahuel.cl\/es\/wp-json\/wp\/v2\/types\/product"}],"wp:featuredmedia":[{"embeddable":true,"href":"https:\/\/www.vinanahuel.cl\/es\/wp-json\/wp\/v2\/media\/850"}],"wp:attachment":[{"href":"https:\/\/www.vinanahuel.cl\/es\/wp-json\/wp\/v2\/media?parent=663"}],"wp:term":[{"taxonomy":"product_brand","embeddable":true,"href":"https:\/\/www.vinanahuel.cl\/es\/wp-json\/wp\/v2\/product_brand?post=663"},{"taxonomy":"product_cat","embeddable":true,"href":"https:\/\/www.vinanahuel.cl\/es\/wp-json\/wp\/v2\/product_cat?post=663"},{"taxonomy":"product_tag","embeddable":true,"href":"https:\/\/www.vinanahuel.cl\/es\/wp-json\/wp\/v2\/product_tag?post=663"}],"curies":[{"name":"gracias","href":"https:\/\/api.w.org\/{rel}","templated":true}]}}