{"id":659,"date":"2022-03-18T09:37:49","date_gmt":"2022-03-18T08:37:49","guid":{"rendered":"https:\/\/vinanahuel.siebenberge.com\/?post_type=product&#038;p=659"},"modified":"2024-09-02T20:49:35","modified_gmt":"2024-09-02T18:49:35","slug":"2021-chak-malbec","status":"publish","type":"product","link":"https:\/\/www.vinanahuel.cl\/es\/product\/2021-chak-malbec\/","title":{"rendered":"2021 CHAK MALBEC"},"content":{"rendered":"<p>Chak significa \u201cjuntos, unos con otros\u201d en el idioma de los indios mapuche, el pueblo ind\u00edgena de Chile.<\/p>\n<p>Y este es exactamente el principio rector del en\u00f3logo Daniel Wiederkehr: combinar la elegancia europea con el poder y el sabor chileno en un vino excepcional.<\/p>\n<p>Las magn\u00edficas vi\u00f1as de Malbec de m\u00e1s de 80 a\u00f1os, el clima ideal y los suelos ricos en minerales me ofrecen las mejores condiciones posibles para ello.<\/p>","protected":false},"excerpt":{"rendered":"<p>Color rojo viol\u00e1ceo profundo. En nariz intensas aromas a fruto rojo y negro como cerezas y ar\u00e1ndanos. En boca manifiesta una buena estructura con taninos en su justa medida y agradable acidez que lo confiere su  jugosidad. Persistente.<\/p>","protected":false},"featured_media":1123,"template":"","meta":[],"product_brand":[],"product_cat":[32],"product_tag":[],"class_list":{"0":"post-659","1":"product","2":"type-product","3":"status-publish","4":"has-post-thumbnail","6":"product_cat-malbec","8":"first","9":"outofstock","10":"shipping-taxable","11":"product-type-simple"},"_links":{"self":[{"href":"https:\/\/www.vinanahuel.cl\/es\/wp-json\/wp\/v2\/product\/659","targetHints":{"allow":["GET"]}}],"collection":[{"href":"https:\/\/www.vinanahuel.cl\/es\/wp-json\/wp\/v2\/product"}],"about":[{"href":"https:\/\/www.vinanahuel.cl\/es\/wp-json\/wp\/v2\/types\/product"}],"wp:featuredmedia":[{"embeddable":true,"href":"https:\/\/www.vinanahuel.cl\/es\/wp-json\/wp\/v2\/media\/1123"}],"wp:attachment":[{"href":"https:\/\/www.vinanahuel.cl\/es\/wp-json\/wp\/v2\/media?parent=659"}],"wp:term":[{"taxonomy":"product_brand","embeddable":true,"href":"https:\/\/www.vinanahuel.cl\/es\/wp-json\/wp\/v2\/product_brand?post=659"},{"taxonomy":"product_cat","embeddable":true,"href":"https:\/\/www.vinanahuel.cl\/es\/wp-json\/wp\/v2\/product_cat?post=659"},{"taxonomy":"product_tag","embeddable":true,"href":"https:\/\/www.vinanahuel.cl\/es\/wp-json\/wp\/v2\/product_tag?post=659"}],"curies":[{"name":"gracias","href":"https:\/\/api.w.org\/{rel}","templated":true}]}}