{"id":656,"date":"2022-03-18T09:35:20","date_gmt":"2022-03-18T08:35:20","guid":{"rendered":"https:\/\/vinanahuel.siebenberge.com\/?post_type=product&#038;p=656"},"modified":"2024-07-17T16:04:02","modified_gmt":"2024-07-17T14:04:02","slug":"2021-chak-syrah","status":"publish","type":"product","link":"https:\/\/www.vinanahuel.cl\/es\/product\/2021-chak-syrah\/","title":{"rendered":"2021 CHAK SYRAH"},"content":{"rendered":"<p>Chak significa \u201cjuntos, unos con otros\u201d en el idioma de los indios mapuche, los habitantes originales de Chile.<\/p>\n<p>Y este es exactamente el principio rector del en\u00f3logo Daniel Wiederkehr: combinar la elegancia europea con el poder y el sabor chileno en un vino excepcional.<\/p>\n<p>&quot;Las magn\u00edficas cepas de Syrah de m\u00e1s de 25 a\u00f1os, el clima ideal y los suelos ricos en minerales me ofrecen las mejores condiciones posibles para ello&quot;.<\/p>","protected":false},"excerpt":{"rendered":"<p>Color rojo viol\u00e1ceo intenso. En nariz aromas t\u00edpicas de la\n\t\t     variedad a fruta negra (mora y ciruela), notas de pimienta\n\t\t     y regaliz. De estructura equilibrada, taninos redondos y\t\t \t     una acidez agradable. Con un final medio largo. Goloso.<\/p>","protected":false},"featured_media":1050,"template":"","meta":[],"product_brand":[],"product_cat":[31],"product_tag":[],"class_list":{"0":"post-656","1":"product","2":"type-product","3":"status-publish","4":"has-post-thumbnail","6":"product_cat-syrah","8":"first","9":"instock","10":"shipping-taxable","11":"product-type-simple"},"_links":{"self":[{"href":"https:\/\/www.vinanahuel.cl\/es\/wp-json\/wp\/v2\/product\/656","targetHints":{"allow":["GET"]}}],"collection":[{"href":"https:\/\/www.vinanahuel.cl\/es\/wp-json\/wp\/v2\/product"}],"about":[{"href":"https:\/\/www.vinanahuel.cl\/es\/wp-json\/wp\/v2\/types\/product"}],"wp:featuredmedia":[{"embeddable":true,"href":"https:\/\/www.vinanahuel.cl\/es\/wp-json\/wp\/v2\/media\/1050"}],"wp:attachment":[{"href":"https:\/\/www.vinanahuel.cl\/es\/wp-json\/wp\/v2\/media?parent=656"}],"wp:term":[{"taxonomy":"product_brand","embeddable":true,"href":"https:\/\/www.vinanahuel.cl\/es\/wp-json\/wp\/v2\/product_brand?post=656"},{"taxonomy":"product_cat","embeddable":true,"href":"https:\/\/www.vinanahuel.cl\/es\/wp-json\/wp\/v2\/product_cat?post=656"},{"taxonomy":"product_tag","embeddable":true,"href":"https:\/\/www.vinanahuel.cl\/es\/wp-json\/wp\/v2\/product_tag?post=656"}],"curies":[{"name":"gracias","href":"https:\/\/api.w.org\/{rel}","templated":true}]}}