{"id":440,"date":"2022-02-25T17:58:33","date_gmt":"2022-02-25T16:58:33","guid":{"rendered":"https:\/\/vinanahuel.siebenberge.com\/?post_type=product&#038;p=440"},"modified":"2024-09-02T20:54:07","modified_gmt":"2024-09-02T18:54:07","slug":"2021-nahuel-blend","status":"publish","type":"product","link":"https:\/\/www.vinanahuel.cl\/es\/product\/2021-nahuel-blend\/","title":{"rendered":"NAHUEL BLEND 2021"},"content":{"rendered":"<p>Las uvas para este NAHUEL BLEND provienen de 4 parcelas diferentes y seleccionadas en el municipio de Nancagua\/Placilla, el coraz\u00f3n del Valle de Colchagua, una de las regiones vitivin\u00edcolas de Chile m\u00e1s reconocidas a nivel mundial. La regi\u00f3n ha sido bendecida con excelentes condiciones clim\u00e1ticas: con d\u00edas calurosos y secos en verano y noches refrescantemente refrescadas por el cercano Pac\u00edfico, y con abundantes lluvias en el suave invierno. Con el suelo rico en minerales y la ausencia de pesticidas y herbicidas (producci\u00f3n puramente org\u00e1nica), aqu\u00ed se encuentran las mejores condiciones para la producci\u00f3n de este vino afrutado, fuerte y noble.<\/p>","protected":false},"excerpt":{"rendered":"<p>Nuestro Icono. Frutos rojos y negros del bosque, voluminoso, de cuerpo firme. Combinaci\u00f3n perfecta de taninos bien balanceados y una acidez jugosa. Noble.<\/p>","protected":false},"featured_media":1040,"template":"","meta":[],"product_brand":[],"product_cat":[29],"product_tag":[],"class_list":{"0":"post-440","1":"product","2":"type-product","3":"status-publish","4":"has-post-thumbnail","6":"product_cat-cabernet-sauvignon-carmenere-malbec-syrah","8":"first","9":"outofstock","10":"shipping-taxable","11":"product-type-simple"},"_links":{"self":[{"href":"https:\/\/www.vinanahuel.cl\/es\/wp-json\/wp\/v2\/product\/440","targetHints":{"allow":["GET"]}}],"collection":[{"href":"https:\/\/www.vinanahuel.cl\/es\/wp-json\/wp\/v2\/product"}],"about":[{"href":"https:\/\/www.vinanahuel.cl\/es\/wp-json\/wp\/v2\/types\/product"}],"wp:featuredmedia":[{"embeddable":true,"href":"https:\/\/www.vinanahuel.cl\/es\/wp-json\/wp\/v2\/media\/1040"}],"wp:attachment":[{"href":"https:\/\/www.vinanahuel.cl\/es\/wp-json\/wp\/v2\/media?parent=440"}],"wp:term":[{"taxonomy":"product_brand","embeddable":true,"href":"https:\/\/www.vinanahuel.cl\/es\/wp-json\/wp\/v2\/product_brand?post=440"},{"taxonomy":"product_cat","embeddable":true,"href":"https:\/\/www.vinanahuel.cl\/es\/wp-json\/wp\/v2\/product_cat?post=440"},{"taxonomy":"product_tag","embeddable":true,"href":"https:\/\/www.vinanahuel.cl\/es\/wp-json\/wp\/v2\/product_tag?post=440"}],"curies":[{"name":"gracias","href":"https:\/\/api.w.org\/{rel}","templated":true}]}}