{"id":432,"date":"2022-02-25T17:50:15","date_gmt":"2022-02-25T16:50:15","guid":{"rendered":"https:\/\/vinanahuel.siebenberge.com\/?post_type=product&#038;p=432"},"modified":"2024-07-17T16:06:57","modified_gmt":"2024-07-17T14:06:57","slug":"2021-chak","status":"publish","type":"product","link":"https:\/\/www.vinanahuel.cl\/es\/product\/2021-chak\/","title":{"rendered":"2021 CHAK"},"content":{"rendered":"<p>Chak significa \u201cambos, juntos\u201d en mapudungun, el idioma de los ind\u00edgenas de nuestra regi\u00f3n.\nEl 2021 fue un a\u00f1o t\u00edpico para Colchagua: d\u00edas calurosos y noches frescas, gracias al cercano pacifico, permitiendo la cosecha de un fruto sano y en su optima maduraci\u00f3n.\nLas uvas de este Carm\u00e9n\u00e8re provienen de un vi\u00f1edo en Placilla, del coraz\u00f3n del Valle de Colchagua. Las vides de m\u00e1s de 20 a\u00f1os, de pie franco, bendecidas con el clima perfecto y el terru\u00f1o ideal, despliegan aqu\u00ed todas sus ricas facetas.<\/p>","protected":false},"excerpt":{"rendered":"<p>Intensos aromas de frutas del bosque junto a sutiles notas de hierbas frescas y tabaco dulce. Sus taninos bien proporcionados y una acidez decente llevan a un final bien balanceado y arm\u00f3nico.<\/p>","protected":false},"featured_media":1044,"template":"","meta":[],"product_brand":[],"product_cat":[27],"product_tag":[],"class_list":{"0":"post-432","1":"product","2":"type-product","3":"status-publish","4":"has-post-thumbnail","6":"product_cat-carmenere","8":"first","9":"instock","10":"shipping-taxable","11":"product-type-simple"},"_links":{"self":[{"href":"https:\/\/www.vinanahuel.cl\/es\/wp-json\/wp\/v2\/product\/432","targetHints":{"allow":["GET"]}}],"collection":[{"href":"https:\/\/www.vinanahuel.cl\/es\/wp-json\/wp\/v2\/product"}],"about":[{"href":"https:\/\/www.vinanahuel.cl\/es\/wp-json\/wp\/v2\/types\/product"}],"wp:featuredmedia":[{"embeddable":true,"href":"https:\/\/www.vinanahuel.cl\/es\/wp-json\/wp\/v2\/media\/1044"}],"wp:attachment":[{"href":"https:\/\/www.vinanahuel.cl\/es\/wp-json\/wp\/v2\/media?parent=432"}],"wp:term":[{"taxonomy":"product_brand","embeddable":true,"href":"https:\/\/www.vinanahuel.cl\/es\/wp-json\/wp\/v2\/product_brand?post=432"},{"taxonomy":"product_cat","embeddable":true,"href":"https:\/\/www.vinanahuel.cl\/es\/wp-json\/wp\/v2\/product_cat?post=432"},{"taxonomy":"product_tag","embeddable":true,"href":"https:\/\/www.vinanahuel.cl\/es\/wp-json\/wp\/v2\/product_tag?post=432"}],"curies":[{"name":"gracias","href":"https:\/\/api.w.org\/{rel}","templated":true}]}}