{"id":429,"date":"2022-02-25T17:47:19","date_gmt":"2022-02-25T16:47:19","guid":{"rendered":"https:\/\/vinanahuel.siebenberge.com\/?post_type=product&#038;p=429"},"modified":"2024-10-24T10:47:03","modified_gmt":"2024-10-24T08:47:03","slug":"2022-chak","status":"publish","type":"product","link":"https:\/\/www.vinanahuel.cl\/es\/product\/2022-chak\/","title":{"rendered":"2022 CHAK"},"content":{"rendered":"<p>Chak significa \u201cambos, juntos\u201d en mapudungun, el idioma de los ind\u00edgenas de nuestra regi\u00f3n.\nEl 2020 fue un a\u00f1o t\u00edpico para Colchagua: d\u00edas calurosos y noches frescas, gracias al cercano pacifico, permitiendo la cosecha de un fruto sano y en su optima maduraci\u00f3n. Las 37.500 vides de pie  franco de las 6 hect\u00e1reas tienen m\u00e1s de 80 a\u00f1os. Est\u00e1n robustos, retorcidos y son poderosas. \nEl clima perfecto y el terru\u00f1o ideal, rico en minerales, complementan estas condiciones, que me permiten producir estos vinos extraordinariamente ricos y armoniosos. <em>Daniel Wiederkehr<\/em><\/p>","protected":false},"excerpt":{"rendered":"<p>Rojo granate oscuro. Frutas rojas y negras del \t\t\t\tbosque,\tnotas finas de humo y hierbas. Taninos\t\t\t\tarmoniosos y un cuerpo elegante. Agradable y\t\t\t\tf\u00e1cil de beber, pero sin embargo un vino de \t\t\t\t\tcar\u00e1cter con un final estimulante y \u201cjugoso\u201d.\n\t\t\tEl compa\u00f1ero ideal para sabrosos platos de carne,\t\t\t\tde pasta, con queso o simplemente solo.<\/p>","protected":false},"featured_media":1108,"template":"","meta":[],"product_brand":[],"product_cat":[26],"product_tag":[],"class_list":{"0":"post-429","1":"product","2":"type-product","3":"status-publish","4":"has-post-thumbnail","6":"product_cat-cabernet-sauvignon","8":"first","9":"instock","10":"shipping-taxable","11":"product-type-simple"},"_links":{"self":[{"href":"https:\/\/www.vinanahuel.cl\/es\/wp-json\/wp\/v2\/product\/429","targetHints":{"allow":["GET"]}}],"collection":[{"href":"https:\/\/www.vinanahuel.cl\/es\/wp-json\/wp\/v2\/product"}],"about":[{"href":"https:\/\/www.vinanahuel.cl\/es\/wp-json\/wp\/v2\/types\/product"}],"wp:featuredmedia":[{"embeddable":true,"href":"https:\/\/www.vinanahuel.cl\/es\/wp-json\/wp\/v2\/media\/1108"}],"wp:attachment":[{"href":"https:\/\/www.vinanahuel.cl\/es\/wp-json\/wp\/v2\/media?parent=429"}],"wp:term":[{"taxonomy":"product_brand","embeddable":true,"href":"https:\/\/www.vinanahuel.cl\/es\/wp-json\/wp\/v2\/product_brand?post=429"},{"taxonomy":"product_cat","embeddable":true,"href":"https:\/\/www.vinanahuel.cl\/es\/wp-json\/wp\/v2\/product_cat?post=429"},{"taxonomy":"product_tag","embeddable":true,"href":"https:\/\/www.vinanahuel.cl\/es\/wp-json\/wp\/v2\/product_tag?post=429"}],"curies":[{"name":"gracias","href":"https:\/\/api.w.org\/{rel}","templated":true}]}}