{"id":426,"date":"2022-02-25T11:10:32","date_gmt":"2022-02-25T10:10:32","guid":{"rendered":"https:\/\/vinanahuel.siebenberge.com\/?post_type=product&#038;p=426"},"modified":"2024-07-17T16:08:04","modified_gmt":"2024-07-17T14:08:04","slug":"2022-rosa","status":"publish","type":"product","link":"https:\/\/www.vinanahuel.cl\/es\/product\/2022-rosa\/","title":{"rendered":"2022 ROSA"},"content":{"rendered":"<p>En el coraz\u00f3n del Valle de Colchagua, una de las regiones vitivin\u00edcolas m\u00e1s populares de Chile, Daniel Wiederkehr encontr\u00f3 el lugar donde hacer realidad su sue\u00f1o de larga data: producir con coraz\u00f3n y pasi\u00f3n sus propios vinos de alta calidad. Los estrictos principios org\u00e1nicos son la m\u00e1xima prioridad y el compost se elabora a partir de orujo fermentado y esti\u00e9rcol de oveja. Elaborados con mucho trabajo manual y en armon\u00eda con la naturaleza, sus vinos son realmente \u00fanicos por su peque\u00f1a producci\u00f3n artesanal. \u201cMis vinos combinan lo mejor de mis dos mundos: la elegancia europea con el picante chileno\u201d <em>Daniel Wiederkehr<\/em><\/p>","protected":false},"excerpt":{"rendered":"<p>Color rosado p\u00e1lido brillante. Cereza roja jugosa. Finos aromas florales y especiadas. Estos deliciosos aromas se reencuentran en boca a lo que se suma frescor, una agradable acidez y fruta fresca con un toque dulce en final.<\/p>","protected":false},"featured_media":1037,"template":"","meta":[],"product_brand":[],"product_cat":[25],"product_tag":[],"class_list":{"0":"post-426","1":"product","2":"type-product","3":"status-publish","4":"has-post-thumbnail","6":"product_cat-cabernet-sauvignon-syrah","8":"first","9":"instock","10":"shipping-taxable","11":"product-type-simple"},"_links":{"self":[{"href":"https:\/\/www.vinanahuel.cl\/es\/wp-json\/wp\/v2\/product\/426","targetHints":{"allow":["GET"]}}],"collection":[{"href":"https:\/\/www.vinanahuel.cl\/es\/wp-json\/wp\/v2\/product"}],"about":[{"href":"https:\/\/www.vinanahuel.cl\/es\/wp-json\/wp\/v2\/types\/product"}],"wp:featuredmedia":[{"embeddable":true,"href":"https:\/\/www.vinanahuel.cl\/es\/wp-json\/wp\/v2\/media\/1037"}],"wp:attachment":[{"href":"https:\/\/www.vinanahuel.cl\/es\/wp-json\/wp\/v2\/media?parent=426"}],"wp:term":[{"taxonomy":"product_brand","embeddable":true,"href":"https:\/\/www.vinanahuel.cl\/es\/wp-json\/wp\/v2\/product_brand?post=426"},{"taxonomy":"product_cat","embeddable":true,"href":"https:\/\/www.vinanahuel.cl\/es\/wp-json\/wp\/v2\/product_cat?post=426"},{"taxonomy":"product_tag","embeddable":true,"href":"https:\/\/www.vinanahuel.cl\/es\/wp-json\/wp\/v2\/product_tag?post=426"}],"curies":[{"name":"gracias","href":"https:\/\/api.w.org\/{rel}","templated":true}]}}