{"id":295,"date":"2022-02-15T10:11:25","date_gmt":"2022-02-15T09:11:25","guid":{"rendered":"https:\/\/vinanahuel.siebenberge.com\/?post_type=product&#038;p=295"},"modified":"2024-06-03T15:36:10","modified_gmt":"2024-06-03T13:36:10","slug":"2023-patagua-seleccion","status":"publish","type":"product","link":"https:\/\/www.vinanahuel.cl\/es\/product\/2023-patagua-seleccion\/","title":{"rendered":"SELECCI\u00d3N PATAGUA 2023"},"content":{"rendered":"<p>La uva para nuestro PATAGUA SELECCION proviene del vi\u00f1edo con este nombre, cerca de Santa Cruz, en el coraz\u00f3n del Valle de Colchagua. Las parras, en pies franco, tienen m\u00e1s de 50 a\u00f1os y disfrutan de un clima optimo y de un suelo rico en minerales. El vi\u00f1edo se compone de un 80% de S\u00e9millon y 20% de Sauvignon Blanc, lo que llamamos una \u201cmezcla de campo\u201d. Hoy en el d\u00eda casi no se encuentran este tipo de plantaciones, y su conservaci\u00f3n es nuestra contribuci\u00f3n de mantener esta linda tradici\u00f3n. <em>Daniel Wiederkehr<\/em><\/p>","protected":false},"excerpt":{"rendered":"<p>Estas parras de 50 a\u00f1os nos dan un vino elegante y complejo. La nariz promete fuerza y aromas de hierbas frescas, c\u00edtricos, damascos y una pizca de miel.<\/p>","protected":false},"featured_media":856,"template":"","meta":[],"product_brand":[],"product_cat":[23],"product_tag":[],"class_list":{"0":"post-295","1":"product","2":"type-product","3":"status-publish","4":"has-post-thumbnail","6":"product_cat-semillon-sauvignon-blanc","8":"first","9":"instock","10":"shipping-taxable","11":"product-type-simple"},"_links":{"self":[{"href":"https:\/\/www.vinanahuel.cl\/es\/wp-json\/wp\/v2\/product\/295","targetHints":{"allow":["GET"]}}],"collection":[{"href":"https:\/\/www.vinanahuel.cl\/es\/wp-json\/wp\/v2\/product"}],"about":[{"href":"https:\/\/www.vinanahuel.cl\/es\/wp-json\/wp\/v2\/types\/product"}],"wp:featuredmedia":[{"embeddable":true,"href":"https:\/\/www.vinanahuel.cl\/es\/wp-json\/wp\/v2\/media\/856"}],"wp:attachment":[{"href":"https:\/\/www.vinanahuel.cl\/es\/wp-json\/wp\/v2\/media?parent=295"}],"wp:term":[{"taxonomy":"product_brand","embeddable":true,"href":"https:\/\/www.vinanahuel.cl\/es\/wp-json\/wp\/v2\/product_brand?post=295"},{"taxonomy":"product_cat","embeddable":true,"href":"https:\/\/www.vinanahuel.cl\/es\/wp-json\/wp\/v2\/product_cat?post=295"},{"taxonomy":"product_tag","embeddable":true,"href":"https:\/\/www.vinanahuel.cl\/es\/wp-json\/wp\/v2\/product_tag?post=295"}],"curies":[{"name":"gracias","href":"https:\/\/api.w.org\/{rel}","templated":true}]}}