{"id":196,"date":"2022-02-14T08:51:53","date_gmt":"2022-02-14T08:51:53","guid":{"rendered":"https:\/\/vinanahuel.siebenberge.com\/about-4\/"},"modified":"2022-03-28T14:57:59","modified_gmt":"2022-03-28T12:57:59","slug":"about","status":"publish","type":"page","link":"https:\/\/www.vinanahuel.cl\/es\/about\/","title":{"rendered":"Sobre Vi\u00f1a Nahuel"},"content":{"rendered":"<div data-elementor-type=\"wp-page\" data-elementor-id=\"196\" class=\"elementor elementor-196\" data-elementor-post-type=\"page\">\n\t\t\t\t\t\t<section class=\"elementor-section elementor-top-section elementor-element elementor-element-1fbd827b elementor-section-boxed elementor-section-height-default elementor-section-height-default\" data-id=\"1fbd827b\" data-element_type=\"section\" data-e-type=\"section\" id=\"learn_more\" data-settings=\"{&quot;jet_parallax_layout_list&quot;:[]}\">\n\t\t\t\t\t\t<div class=\"elementor-container elementor-column-gap-default\">\n\t\t\t\t\t<div class=\"elementor-column elementor-col-100 elementor-top-column elementor-element elementor-element-34142a3c\" data-id=\"34142a3c\" data-element_type=\"column\" data-e-type=\"column\">\n\t\t\t<div class=\"elementor-widget-wrap elementor-element-populated\">\n\t\t\t\t\t\t<div class=\"elementor-element elementor-element-72d4e66f elementor-widget elementor-widget-image\" data-id=\"72d4e66f\" data-element_type=\"widget\" data-e-type=\"widget\" data-widget_type=\"image.default\">\n\t\t\t\t<div class=\"elementor-widget-container\">\n\t\t\t\t\t\t\t\t\t\t\t\t\t\t\t<img fetchpriority=\"high\" decoding=\"async\" width=\"1024\" height=\"680\" src=\"https:\/\/www.vinanahuel.cl\/wp-content\/uploads\/2022\/02\/vina-nahuel-wein-aus-chile-weingut-1024x680.jpg\" class=\"attachment-large size-large wp-image-286\" alt=\"\" srcset=\"https:\/\/www.vinanahuel.cl\/wp-content\/uploads\/2022\/02\/vina-nahuel-wein-aus-chile-weingut-1024x680.jpg 1024w, https:\/\/www.vinanahuel.cl\/wp-content\/uploads\/2022\/02\/vina-nahuel-wein-aus-chile-weingut-600x399.jpg 600w, https:\/\/www.vinanahuel.cl\/wp-content\/uploads\/2022\/02\/vina-nahuel-wein-aus-chile-weingut-300x199.jpg 300w, https:\/\/www.vinanahuel.cl\/wp-content\/uploads\/2022\/02\/vina-nahuel-wein-aus-chile-weingut-768x510.jpg 768w, https:\/\/www.vinanahuel.cl\/wp-content\/uploads\/2022\/02\/vina-nahuel-wein-aus-chile-weingut-1536x1020.jpg 1536w, https:\/\/www.vinanahuel.cl\/wp-content\/uploads\/2022\/02\/vina-nahuel-wein-aus-chile-weingut-2048x1360.jpg 2048w, https:\/\/www.vinanahuel.cl\/wp-content\/uploads\/2022\/02\/vina-nahuel-wein-aus-chile-weingut-18x12.jpg 18w\" sizes=\"(max-width: 1024px) 100vw, 1024px\" \/>\t\t\t\t\t\t\t\t\t\t\t\t\t\t\t<\/div>\n\t\t\t\t<\/div>\n\t\t\t\t<div class=\"elementor-element elementor-element-fd953e5 elementor-widget elementor-widget-menu-anchor\" data-id=\"fd953e5\" data-element_type=\"widget\" data-e-type=\"widget\" data-widget_type=\"menu-anchor.default\">\n\t\t\t\t<div class=\"elementor-widget-container\">\n\t\t\t\t\t\t\t<div class=\"elementor-menu-anchor\" id=\"weingut\"><\/div>\n\t\t\t\t\t\t<\/div>\n\t\t\t\t<\/div>\n\t\t\t\t<section class=\"elementor-section elementor-inner-section elementor-element elementor-element-2b04905 elementor-section-boxed elementor-section-height-default elementor-section-height-default\" data-id=\"2b04905\" data-element_type=\"section\" data-e-type=\"section\" data-settings=\"{&quot;jet_parallax_layout_list&quot;:[]}\">\n\t\t\t\t\t\t<div class=\"elementor-container elementor-column-gap-default\">\n\t\t\t\t\t<div class=\"elementor-column elementor-col-33 elementor-inner-column elementor-element elementor-element-fed796c\" data-id=\"fed796c\" data-element_type=\"column\" data-e-type=\"column\">\n\t\t\t<div class=\"elementor-widget-wrap elementor-element-populated\">\n\t\t\t\t\t\t<div class=\"elementor-element elementor-element-a51fe2e elementor-invisible elementor-widget elementor-widget-heading\" data-id=\"a51fe2e\" data-element_type=\"widget\" data-e-type=\"widget\" data-settings=\"{&quot;_animation&quot;:&quot;fadeIn&quot;,&quot;_animation_delay&quot;:&quot;200&quot;}\" data-widget_type=\"heading.default\">\n\t\t\t\t<div class=\"elementor-widget-container\">\n\t\t\t\t\t<h2 class=\"elementor-heading-title elementor-size-default\">EL VI\u00d1EDO<\/h2>\t\t\t\t<\/div>\n\t\t\t\t<\/div>\n\t\t\t\t\t<\/div>\n\t\t<\/div>\n\t\t\t\t<div class=\"elementor-column elementor-col-33 elementor-inner-column elementor-element elementor-element-8abf5fa\" data-id=\"8abf5fa\" data-element_type=\"column\" data-e-type=\"column\">\n\t\t\t<div class=\"elementor-widget-wrap elementor-element-populated\">\n\t\t\t\t\t\t<div class=\"elementor-element elementor-element-c9dea5c elementor-widget-divider--view-line elementor-widget elementor-widget-divider\" data-id=\"c9dea5c\" data-element_type=\"widget\" data-e-type=\"widget\" data-widget_type=\"divider.default\">\n\t\t\t\t<div class=\"elementor-widget-container\">\n\t\t\t\t\t\t\t<div class=\"elementor-divider\">\n\t\t\t<span class=\"elementor-divider-separator\">\n\t\t\t\t\t\t<\/span>\n\t\t<\/div>\n\t\t\t\t\t\t<\/div>\n\t\t\t\t<\/div>\n\t\t\t\t\t<\/div>\n\t\t<\/div>\n\t\t\t\t<div class=\"elementor-column elementor-col-33 elementor-inner-column elementor-element elementor-element-e34a7d4\" data-id=\"e34a7d4\" data-element_type=\"column\" data-e-type=\"column\">\n\t\t\t<div class=\"elementor-widget-wrap elementor-element-populated\">\n\t\t\t\t\t\t<div class=\"elementor-element elementor-element-2aaf140 elementor-widget elementor-widget-text-editor\" data-id=\"2aaf140\" data-element_type=\"widget\" data-e-type=\"widget\" data-widget_type=\"text-editor.default\">\n\t\t\t\t<div class=\"elementor-widget-container\">\n\t\t\t\t\t\t\t\t\t<p>A unos 200 km al sur de Santiago de Chile, en el Valle de Colchagua \u2013 que se extiende desde el pie de los Andes hasta el Oc\u00e9ano Pac\u00edfico - despu\u00e9s de una larga b\u00fasqueda, el suizo Daniel Wiederkehr encontr\u00f3 el lugar perfecto para su sue\u00f1o de poseer su propia vi\u00f1a: una peque\u00f1a joya de seis hect\u00e1reas con parras de Cabernet Sauvignon en pie franco de m\u00e1s de 80 a\u00f1os, donde con mucho cari\u00f1o produce sus vinos. El nombre: Vi\u00f1a Nahuel \u2013 llamado as\u00ed por el puma andino en el idioma de los indios mapuches, los nativos de Chile.<\/p>\t\t\t\t\t\t\t\t<\/div>\n\t\t\t\t<\/div>\n\t\t\t\t<div class=\"elementor-element elementor-element-fd03be6 elementor-widget elementor-widget-menu-anchor\" data-id=\"fd03be6\" data-element_type=\"widget\" data-e-type=\"widget\" data-widget_type=\"menu-anchor.default\">\n\t\t\t\t<div class=\"elementor-widget-container\">\n\t\t\t\t\t\t\t<div class=\"elementor-menu-anchor\" id=\"weinland\"><\/div>\n\t\t\t\t\t\t<\/div>\n\t\t\t\t<\/div>\n\t\t\t\t\t<\/div>\n\t\t<\/div>\n\t\t\t\t\t<\/div>\n\t\t<\/section>\n\t\t\t\t<div class=\"elementor-element elementor-element-bf24fd0 elementor-widget elementor-widget-menu-anchor\" data-id=\"bf24fd0\" data-element_type=\"widget\" data-e-type=\"widget\" data-widget_type=\"menu-anchor.default\">\n\t\t\t\t<div class=\"elementor-widget-container\">\n\t\t\t\t\t\t\t<div class=\"elementor-menu-anchor\" id=\"region\"><\/div>\n\t\t\t\t\t\t<\/div>\n\t\t\t\t<\/div>\n\t\t\t\t<section class=\"elementor-section elementor-inner-section elementor-element elementor-element-29162e1a elementor-section-boxed elementor-section-height-default elementor-section-height-default\" data-id=\"29162e1a\" data-element_type=\"section\" data-e-type=\"section\" data-settings=\"{&quot;jet_parallax_layout_list&quot;:[]}\">\n\t\t\t\t\t\t<div class=\"elementor-container elementor-column-gap-default\">\n\t\t\t\t\t<div class=\"elementor-column elementor-col-33 elementor-inner-column elementor-element elementor-element-4f99d793\" data-id=\"4f99d793\" data-element_type=\"column\" data-e-type=\"column\">\n\t\t\t<div class=\"elementor-widget-wrap elementor-element-populated\">\n\t\t\t\t\t\t<div class=\"elementor-element elementor-element-19fe92ec elementor-invisible elementor-widget elementor-widget-heading\" data-id=\"19fe92ec\" data-element_type=\"widget\" data-e-type=\"widget\" data-settings=\"{&quot;_animation&quot;:&quot;fadeIn&quot;,&quot;_animation_delay&quot;:&quot;200&quot;}\" data-widget_type=\"heading.default\">\n\t\t\t\t<div class=\"elementor-widget-container\">\n\t\t\t\t\t<h2 class=\"elementor-heading-title elementor-size-default\">LA REGION<\/h2>\t\t\t\t<\/div>\n\t\t\t\t<\/div>\n\t\t\t\t\t<\/div>\n\t\t<\/div>\n\t\t\t\t<div class=\"elementor-column elementor-col-33 elementor-inner-column elementor-element elementor-element-1022cb61\" data-id=\"1022cb61\" data-element_type=\"column\" data-e-type=\"column\">\n\t\t\t<div class=\"elementor-widget-wrap elementor-element-populated\">\n\t\t\t\t\t\t<div class=\"elementor-element elementor-element-32466016 elementor-widget-divider--view-line elementor-widget elementor-widget-divider\" data-id=\"32466016\" data-element_type=\"widget\" data-e-type=\"widget\" data-widget_type=\"divider.default\">\n\t\t\t\t<div class=\"elementor-widget-container\">\n\t\t\t\t\t\t\t<div class=\"elementor-divider\">\n\t\t\t<span class=\"elementor-divider-separator\">\n\t\t\t\t\t\t<\/span>\n\t\t<\/div>\n\t\t\t\t\t\t<\/div>\n\t\t\t\t<\/div>\n\t\t\t\t\t<\/div>\n\t\t<\/div>\n\t\t\t\t<div class=\"elementor-column elementor-col-33 elementor-inner-column elementor-element elementor-element-2f3a083b\" data-id=\"2f3a083b\" data-element_type=\"column\" data-e-type=\"column\">\n\t\t\t<div class=\"elementor-widget-wrap elementor-element-populated\">\n\t\t\t\t\t\t<div class=\"elementor-element elementor-element-39034d29 elementor-widget elementor-widget-text-editor\" data-id=\"39034d29\" data-element_type=\"widget\" data-e-type=\"widget\" data-widget_type=\"text-editor.default\">\n\t\t\t\t<div class=\"elementor-widget-container\">\n\t\t\t\t\t\t\t\t\t<p>El Valle de Colchagua, sede de muchas bodegas de renombre mundial, se abre hacia el Oc\u00e9ano Pac\u00edfico, cuya brisa, al t\u00e9rmino de la tarde, desvanece los d\u00edas calurosos de verano y ofrece noches agradablemente frescas. Cubre aproximadamente 120 km de longitud y promedio 30 km de ancho. Al este limita con la cadena andina, que tiene hasta 5.000 m de altura. El peque\u00f1o y acogedor pueblo de Santa Cruz con sus 30.000 habitantes es el centro de esta regi\u00f3n, que est\u00e1 orientada en gran medida hacia la viticultura.<\/p>\t\t\t\t\t\t\t\t<\/div>\n\t\t\t\t<\/div>\n\t\t\t\t\t<\/div>\n\t\t<\/div>\n\t\t\t\t\t<\/div>\n\t\t<\/section>\n\t\t\t\t<div class=\"elementor-element elementor-element-7368ee4 elementor-widget elementor-widget-menu-anchor\" data-id=\"7368ee4\" data-element_type=\"widget\" data-e-type=\"widget\" data-widget_type=\"menu-anchor.default\">\n\t\t\t\t<div class=\"elementor-widget-container\">\n\t\t\t\t\t\t\t<div class=\"elementor-menu-anchor\" id=\"geschichte\"><\/div>\n\t\t\t\t\t\t<\/div>\n\t\t\t\t<\/div>\n\t\t\t\t<section class=\"elementor-section elementor-inner-section elementor-element elementor-element-f28d123 elementor-section-boxed elementor-section-height-default elementor-section-height-default\" data-id=\"f28d123\" data-element_type=\"section\" data-e-type=\"section\" data-settings=\"{&quot;jet_parallax_layout_list&quot;:[]}\">\n\t\t\t\t\t\t<div class=\"elementor-container elementor-column-gap-default\">\n\t\t\t\t\t<div class=\"elementor-column elementor-col-33 elementor-inner-column elementor-element elementor-element-7787882d\" data-id=\"7787882d\" data-element_type=\"column\" data-e-type=\"column\">\n\t\t\t<div class=\"elementor-widget-wrap elementor-element-populated\">\n\t\t\t\t\t\t<div class=\"elementor-element elementor-element-f392598 elementor-invisible elementor-widget elementor-widget-heading\" data-id=\"f392598\" data-element_type=\"widget\" data-e-type=\"widget\" data-settings=\"{&quot;_animation&quot;:&quot;fadeIn&quot;,&quot;_animation_delay&quot;:&quot;200&quot;}\" data-widget_type=\"heading.default\">\n\t\t\t\t<div class=\"elementor-widget-container\">\n\t\t\t\t\t<h2 class=\"elementor-heading-title elementor-size-default\">La historia<\/h2>\t\t\t\t<\/div>\n\t\t\t\t<\/div>\n\t\t\t\t\t<\/div>\n\t\t<\/div>\n\t\t\t\t<div class=\"elementor-column elementor-col-33 elementor-inner-column elementor-element elementor-element-13afbb5\" data-id=\"13afbb5\" data-element_type=\"column\" data-e-type=\"column\">\n\t\t\t<div class=\"elementor-widget-wrap elementor-element-populated\">\n\t\t\t\t\t\t<div class=\"elementor-element elementor-element-58b3c6ff elementor-widget-divider--view-line elementor-widget elementor-widget-divider\" data-id=\"58b3c6ff\" data-element_type=\"widget\" data-e-type=\"widget\" data-widget_type=\"divider.default\">\n\t\t\t\t<div class=\"elementor-widget-container\">\n\t\t\t\t\t\t\t<div class=\"elementor-divider\">\n\t\t\t<span class=\"elementor-divider-separator\">\n\t\t\t\t\t\t<\/span>\n\t\t<\/div>\n\t\t\t\t\t\t<\/div>\n\t\t\t\t<\/div>\n\t\t\t\t\t<\/div>\n\t\t<\/div>\n\t\t\t\t<div class=\"elementor-column elementor-col-33 elementor-inner-column elementor-element elementor-element-40e11c28\" data-id=\"40e11c28\" data-element_type=\"column\" data-e-type=\"column\">\n\t\t\t<div class=\"elementor-widget-wrap elementor-element-populated\">\n\t\t\t\t\t\t<div class=\"elementor-element elementor-element-1c8632fc elementor-widget elementor-widget-text-editor\" data-id=\"1c8632fc\" data-element_type=\"widget\" data-e-type=\"widget\" data-widget_type=\"text-editor.default\">\n\t\t\t\t<div class=\"elementor-widget-container\">\n\t\t\t\t\t\t\t\t\t<p>\"Tras el \u00e9xito de las ya famosas vi\u00f1as colchag\u00fcinas, un pu\u00f1ado de peque\u00f1os productores comienza a hacer vinos a su pinta. Y algunos son deliciosos. Este es un nuevo aire para un valle que ya ofrece algunos de los mejores vinos en Chile. Como tampoco hab\u00eda probado algo parecido a lo que hace el suizo Daniel Wiederkehr, que llego para trabajar como en\u00f3logo a la Vi\u00f1a Carmen en 2001 y, diez a\u00f1os m\u00e1s tarde comenz\u00f3 a hacer Cabernet Sauvignon para su proyecto familiar Vi\u00f1a Nahuel, de un vi\u00f1edo plantado en 1942. De esas viejas parras obtienen un Cabernet delicioso, at\u00edpico en su acidez, vibrante en sus sabores.\"(Patricia Tapia en EL MERCURIO 2016)<\/p>\t\t\t\t\t\t\t\t<\/div>\n\t\t\t\t<\/div>\n\t\t\t\t\t<\/div>\n\t\t<\/div>\n\t\t\t\t\t<\/div>\n\t\t<\/section>\n\t\t\t\t<div class=\"elementor-element elementor-element-cdbca8a elementor-widget elementor-widget-menu-anchor\" data-id=\"cdbca8a\" data-element_type=\"widget\" data-e-type=\"widget\" data-widget_type=\"menu-anchor.default\">\n\t\t\t\t<div class=\"elementor-widget-container\">\n\t\t\t\t\t\t\t<div class=\"elementor-menu-anchor\" id=\"philosophie\"><\/div>\n\t\t\t\t\t\t<\/div>\n\t\t\t\t<\/div>\n\t\t\t\t<section class=\"elementor-section elementor-inner-section elementor-element elementor-element-5317c636 elementor-section-boxed elementor-section-height-default elementor-section-height-default\" data-id=\"5317c636\" data-element_type=\"section\" data-e-type=\"section\" data-settings=\"{&quot;jet_parallax_layout_list&quot;:[]}\">\n\t\t\t\t\t\t<div class=\"elementor-container elementor-column-gap-default\">\n\t\t\t\t\t<div class=\"elementor-column elementor-col-33 elementor-inner-column elementor-element elementor-element-2d79f1f9\" data-id=\"2d79f1f9\" data-element_type=\"column\" data-e-type=\"column\">\n\t\t\t<div class=\"elementor-widget-wrap elementor-element-populated\">\n\t\t\t\t\t\t<div class=\"elementor-element elementor-element-5282c640 elementor-invisible elementor-widget elementor-widget-heading\" data-id=\"5282c640\" data-element_type=\"widget\" data-e-type=\"widget\" data-settings=\"{&quot;_animation&quot;:&quot;fadeIn&quot;,&quot;_animation_delay&quot;:&quot;200&quot;}\" data-widget_type=\"heading.default\">\n\t\t\t\t<div class=\"elementor-widget-container\">\n\t\t\t\t\t<h2 class=\"elementor-heading-title elementor-size-default\">NUESTRA FILOSOFIA<\/h2>\t\t\t\t<\/div>\n\t\t\t\t<\/div>\n\t\t\t\t\t<\/div>\n\t\t<\/div>\n\t\t\t\t<div class=\"elementor-column elementor-col-33 elementor-inner-column elementor-element elementor-element-71b754e5\" data-id=\"71b754e5\" data-element_type=\"column\" data-e-type=\"column\">\n\t\t\t<div class=\"elementor-widget-wrap elementor-element-populated\">\n\t\t\t\t\t\t<div class=\"elementor-element elementor-element-7efae963 elementor-widget-divider--view-line elementor-widget elementor-widget-divider\" data-id=\"7efae963\" data-element_type=\"widget\" data-e-type=\"widget\" data-widget_type=\"divider.default\">\n\t\t\t\t<div class=\"elementor-widget-container\">\n\t\t\t\t\t\t\t<div class=\"elementor-divider\">\n\t\t\t<span class=\"elementor-divider-separator\">\n\t\t\t\t\t\t<\/span>\n\t\t<\/div>\n\t\t\t\t\t\t<\/div>\n\t\t\t\t<\/div>\n\t\t\t\t\t<\/div>\n\t\t<\/div>\n\t\t\t\t<div class=\"elementor-column elementor-col-33 elementor-inner-column elementor-element elementor-element-412d0843\" data-id=\"412d0843\" data-element_type=\"column\" data-e-type=\"column\">\n\t\t\t<div class=\"elementor-widget-wrap elementor-element-populated\">\n\t\t\t\t\t\t<div class=\"elementor-element elementor-element-4c2bdc26 elementor-widget elementor-widget-text-editor\" data-id=\"4c2bdc26\" data-element_type=\"widget\" data-e-type=\"widget\" data-widget_type=\"text-editor.default\">\n\t\t\t\t<div class=\"elementor-widget-container\">\n\t\t\t\t\t\t\t\t\t<div class=\"elementStandard elementContent elementText elementText_var0\">Daniel Wiederkehr sigue resueltamente los principios de la viticultura org\u00e1nica, trabaja de acuerdo con el ciclo lunar y produce su propio fertilizante hecho de los residuos de la vinificaci\u00f3n (orujo) y el guano de oveja. La mayor parte del trabajo se realiza a mano, todo en armon\u00eda con la naturaleza, desde la uva hasta el vino en la copa. La producci\u00f3n org\u00e1nica en Chile, por cierto, es mucho m\u00e1s f\u00e1cil que, por ejemplo, en Europa, ya que las fronteras de los Andes y el Oc\u00e9ano Pac\u00edfico han evitado con \u00e9xito la entrada en el pa\u00eds de enfermedades y plagas como la temida filoxera.<\/div><div class=\"elementStandard elementContent elementText elementText_var0\">En el mercado chileno, en gran parte an\u00f3nimo, estos vinos honestos son verdaderas rarezas, gracias a su m\u00e9todo de producci\u00f3n a peque\u00f1a escala, artesanal y verdaderamente original.<\/div>\t\t\t\t\t\t\t\t<\/div>\n\t\t\t\t<\/div>\n\t\t\t\t<div class=\"elementor-element elementor-element-bd20b7a elementor-widget elementor-widget-menu-anchor\" data-id=\"bd20b7a\" data-element_type=\"widget\" data-e-type=\"widget\" data-widget_type=\"menu-anchor.default\">\n\t\t\t\t<div class=\"elementor-widget-container\">\n\t\t\t\t\t\t\t<div class=\"elementor-menu-anchor\" id=\"weinland\"><\/div>\n\t\t\t\t\t\t<\/div>\n\t\t\t\t<\/div>\n\t\t\t\t\t<\/div>\n\t\t<\/div>\n\t\t\t\t\t<\/div>\n\t\t<\/section>\n\t\t\t\t\t<\/div>\n\t\t<\/div>\n\t\t\t\t\t<\/div>\n\t\t<\/section>\n\t\t\t\t<\/div>","protected":false},"excerpt":{"rendered":"<p>Das Weingut Rund 200 km s\u00fcdlich der Landeshauptstadt Santiago de Chile, im Valle de Colchagua &#8211; das sich vom Fuss der Anden bis zum Pazifik erstreckt &#8211; fand Daniel Wiederkehr den perfekten Ort f\u00fcr sein Vorhaben: ein sechs Hektar kleines Juwel mit 80-j\u00e4hrigen, wurzelechten Cabernet Sauvignon Rebst\u00f6cken, 37&#8217;500 an der Zahl. Er kaufte diesen &#8222;Schatz&#8220; [&hellip;]<\/p>\n","protected":false},"author":1,"featured_media":0,"parent":0,"menu_order":0,"comment_status":"closed","ping_status":"closed","template":"elementor_header_footer","meta":{"footnotes":""},"class_list":["post-196","page","type-page","status-publish","hentry"],"_links":{"self":[{"href":"https:\/\/www.vinanahuel.cl\/es\/wp-json\/wp\/v2\/pages\/196","targetHints":{"allow":["GET"]}}],"collection":[{"href":"https:\/\/www.vinanahuel.cl\/es\/wp-json\/wp\/v2\/pages"}],"about":[{"href":"https:\/\/www.vinanahuel.cl\/es\/wp-json\/wp\/v2\/types\/page"}],"author":[{"embeddable":true,"href":"https:\/\/www.vinanahuel.cl\/es\/wp-json\/wp\/v2\/users\/1"}],"replies":[{"embeddable":true,"href":"https:\/\/www.vinanahuel.cl\/es\/wp-json\/wp\/v2\/comments?post=196"}],"version-history":[{"count":51,"href":"https:\/\/www.vinanahuel.cl\/es\/wp-json\/wp\/v2\/pages\/196\/revisions"}],"predecessor-version":[{"id":819,"href":"https:\/\/www.vinanahuel.cl\/es\/wp-json\/wp\/v2\/pages\/196\/revisions\/819"}],"wp:attachment":[{"href":"https:\/\/www.vinanahuel.cl\/es\/wp-json\/wp\/v2\/media?parent=196"}],"curies":[{"name":"gracias","href":"https:\/\/api.w.org\/{rel}","templated":true}]}}