{"id":190,"date":"2022-02-14T08:51:52","date_gmt":"2022-02-14T08:51:52","guid":{"rendered":"https:\/\/vinanahuel.siebenberge.com\/wines-4\/"},"modified":"2022-03-28T15:00:29","modified_gmt":"2022-03-28T13:00:29","slug":"weine","status":"publish","type":"page","link":"https:\/\/www.vinanahuel.cl\/es\/weine\/","title":{"rendered":"nuestros vinos"},"content":{"rendered":"\t\t<div data-elementor-type=\"wp-page\" data-elementor-id=\"190\" class=\"elementor elementor-190\" data-elementor-post-type=\"page\">\n\t\t\t\t\t\t<section class=\"elementor-section elementor-top-section elementor-element elementor-element-5845408f elementor-section-full_width elementor-section-height-min-height elementor-section-items-stretch elementor-section-content-bottom elementor-section-height-default\" data-id=\"5845408f\" data-element_type=\"section\" data-e-type=\"section\" data-settings=\"{&quot;jet_parallax_layout_list&quot;:[]}\">\n\t\t\t\t\t\t<div class=\"elementor-container elementor-column-gap-default\">\n\t\t\t\t\t<div class=\"elementor-column elementor-col-100 elementor-top-column elementor-element elementor-element-5ca22145\" data-id=\"5ca22145\" data-element_type=\"column\" data-e-type=\"column\">\n\t\t\t<div class=\"elementor-widget-wrap elementor-element-populated\">\n\t\t\t\t\t\t<div class=\"elementor-element elementor-element-4968f128 elementor-invisible elementor-widget elementor-widget-heading\" data-id=\"4968f128\" data-element_type=\"widget\" data-e-type=\"widget\" data-settings=\"{&quot;_animation&quot;:&quot;fadeIn&quot;,&quot;_animation_delay&quot;:&quot;400&quot;}\" data-widget_type=\"heading.default\">\n\t\t\t\t<div class=\"elementor-widget-container\">\n\t\t\t\t\t<h1 class=\"elementor-heading-title elementor-size-default\">VI\u00d1A NAHUEL<\/h1>\t\t\t\t<\/div>\n\t\t\t\t<\/div>\n\t\t\t\t<section class=\"elementor-section elementor-inner-section elementor-element elementor-element-5f8d7f9 elementor-section-full_width elementor-section-content-bottom elementor-section-height-default elementor-section-height-default\" data-id=\"5f8d7f9\" data-element_type=\"section\" data-e-type=\"section\" data-settings=\"{&quot;jet_parallax_layout_list&quot;:[]}\">\n\t\t\t\t\t\t<div class=\"elementor-container elementor-column-gap-default\">\n\t\t\t\t\t<div class=\"elementor-column elementor-col-33 elementor-inner-column elementor-element elementor-element-1c8d4ef6\" data-id=\"1c8d4ef6\" data-element_type=\"column\" data-e-type=\"column\">\n\t\t\t<div class=\"elementor-widget-wrap elementor-element-populated\">\n\t\t\t\t\t\t<div class=\"elementor-element elementor-element-5a27d3 elementor-widget elementor-widget-image\" data-id=\"5a27d3\" data-element_type=\"widget\" data-e-type=\"widget\" data-settings=\"{&quot;motion_fx_motion_fx_scrolling&quot;:&quot;yes&quot;,&quot;motion_fx_translateY_effect&quot;:&quot;yes&quot;,&quot;motion_fx_translateY_speed&quot;:{&quot;unit&quot;:&quot;px&quot;,&quot;size&quot;:&quot;2&quot;,&quot;sizes&quot;:[]},&quot;motion_fx_devices&quot;:[&quot;desktop&quot;,&quot;tablet&quot;],&quot;motion_fx_translateY_affectedRange&quot;:{&quot;unit&quot;:&quot;%&quot;,&quot;size&quot;:&quot;&quot;,&quot;sizes&quot;:{&quot;start&quot;:0,&quot;end&quot;:100}}}\" data-widget_type=\"image.default\">\n\t\t\t\t<div class=\"elementor-widget-container\">\n\t\t\t\t\t\t\t\t\t\t\t\t\t\t\t<img fetchpriority=\"high\" decoding=\"async\" width=\"681\" height=\"1024\" src=\"https:\/\/www.vinanahuel.cl\/wp-content\/uploads\/2022\/02\/vina-nahuel-wein-aus-chile-unsere-weine-681x1024.jpg\" class=\"attachment-large size-large wp-image-273\" alt=\"\" srcset=\"https:\/\/www.vinanahuel.cl\/wp-content\/uploads\/2022\/02\/vina-nahuel-wein-aus-chile-unsere-weine-681x1024.jpg 681w, https:\/\/www.vinanahuel.cl\/wp-content\/uploads\/2022\/02\/vina-nahuel-wein-aus-chile-unsere-weine-600x902.jpg 600w, https:\/\/www.vinanahuel.cl\/wp-content\/uploads\/2022\/02\/vina-nahuel-wein-aus-chile-unsere-weine-199x300.jpg 199w, https:\/\/www.vinanahuel.cl\/wp-content\/uploads\/2022\/02\/vina-nahuel-wein-aus-chile-unsere-weine-768x1155.jpg 768w, https:\/\/www.vinanahuel.cl\/wp-content\/uploads\/2022\/02\/vina-nahuel-wein-aus-chile-unsere-weine-1021x1536.jpg 1021w, https:\/\/www.vinanahuel.cl\/wp-content\/uploads\/2022\/02\/vina-nahuel-wein-aus-chile-unsere-weine-1362x2048.jpg 1362w, https:\/\/www.vinanahuel.cl\/wp-content\/uploads\/2022\/02\/vina-nahuel-wein-aus-chile-unsere-weine-8x12.jpg 8w, https:\/\/www.vinanahuel.cl\/wp-content\/uploads\/2022\/02\/vina-nahuel-wein-aus-chile-unsere-weine-scaled.jpg 1702w\" sizes=\"(max-width: 681px) 100vw, 681px\" \/>\t\t\t\t\t\t\t\t\t\t\t\t\t\t\t<\/div>\n\t\t\t\t<\/div>\n\t\t\t\t\t<\/div>\n\t\t<\/div>\n\t\t\t\t<div class=\"elementor-column elementor-col-33 elementor-inner-column elementor-element elementor-element-320ee38d\" data-id=\"320ee38d\" data-element_type=\"column\" data-e-type=\"column\">\n\t\t\t<div class=\"elementor-widget-wrap elementor-element-populated\">\n\t\t\t\t\t\t<div class=\"elementor-element elementor-element-164a84dd elementor-widget elementor-widget-image\" data-id=\"164a84dd\" data-element_type=\"widget\" data-e-type=\"widget\" data-widget_type=\"image.default\">\n\t\t\t\t<div class=\"elementor-widget-container\">\n\t\t\t\t\t\t\t\t\t\t\t\t\t\t\t<img decoding=\"async\" width=\"681\" height=\"1024\" src=\"https:\/\/www.vinanahuel.cl\/wp-content\/uploads\/2022\/02\/vina-nahuel-wein-aus-chile-rotwein-681x1024.jpg\" class=\"attachment-large size-large wp-image-275\" alt=\"\" srcset=\"https:\/\/www.vinanahuel.cl\/wp-content\/uploads\/2022\/02\/vina-nahuel-wein-aus-chile-rotwein-681x1024.jpg 681w, https:\/\/www.vinanahuel.cl\/wp-content\/uploads\/2022\/02\/vina-nahuel-wein-aus-chile-rotwein-600x902.jpg 600w, https:\/\/www.vinanahuel.cl\/wp-content\/uploads\/2022\/02\/vina-nahuel-wein-aus-chile-rotwein-200x300.jpg 200w, https:\/\/www.vinanahuel.cl\/wp-content\/uploads\/2022\/02\/vina-nahuel-wein-aus-chile-rotwein-768x1155.jpg 768w, https:\/\/www.vinanahuel.cl\/wp-content\/uploads\/2022\/02\/vina-nahuel-wein-aus-chile-rotwein-1021x1536.jpg 1021w, https:\/\/www.vinanahuel.cl\/wp-content\/uploads\/2022\/02\/vina-nahuel-wein-aus-chile-rotwein-1362x2048.jpg 1362w, https:\/\/www.vinanahuel.cl\/wp-content\/uploads\/2022\/02\/vina-nahuel-wein-aus-chile-rotwein-8x12.jpg 8w, https:\/\/www.vinanahuel.cl\/wp-content\/uploads\/2022\/02\/vina-nahuel-wein-aus-chile-rotwein-scaled.jpg 1702w\" sizes=\"(max-width: 681px) 100vw, 681px\" \/>\t\t\t\t\t\t\t\t\t\t\t\t\t\t\t<\/div>\n\t\t\t\t<\/div>\n\t\t\t\t\t<\/div>\n\t\t<\/div>\n\t\t\t\t<div class=\"elementor-column elementor-col-33 elementor-inner-column elementor-element elementor-element-24d331ce\" data-id=\"24d331ce\" data-element_type=\"column\" data-e-type=\"column\">\n\t\t\t<div class=\"elementor-widget-wrap elementor-element-populated\">\n\t\t\t\t\t\t<div class=\"elementor-element elementor-element-858639a elementor-widget elementor-widget-image\" data-id=\"858639a\" data-element_type=\"widget\" data-e-type=\"widget\" data-settings=\"{&quot;motion_fx_motion_fx_scrolling&quot;:&quot;yes&quot;,&quot;motion_fx_translateY_effect&quot;:&quot;yes&quot;,&quot;motion_fx_translateY_direction&quot;:&quot;negative&quot;,&quot;motion_fx_translateY_speed&quot;:{&quot;unit&quot;:&quot;px&quot;,&quot;size&quot;:&quot;2&quot;,&quot;sizes&quot;:[]},&quot;motion_fx_devices&quot;:[&quot;desktop&quot;,&quot;tablet&quot;],&quot;motion_fx_translateY_affectedRange&quot;:{&quot;unit&quot;:&quot;%&quot;,&quot;size&quot;:&quot;&quot;,&quot;sizes&quot;:{&quot;start&quot;:0,&quot;end&quot;:100}}}\" data-widget_type=\"image.default\">\n\t\t\t\t<div class=\"elementor-widget-container\">\n\t\t\t\t\t\t\t\t\t\t\t\t\t\t\t<img decoding=\"async\" width=\"1024\" height=\"681\" src=\"https:\/\/www.vinanahuel.cl\/wp-content\/uploads\/2022\/02\/vina-nahuel-wein-aus-chile-handgemacht-1024x681.jpg\" class=\"attachment-large size-large wp-image-274\" alt=\"\" srcset=\"https:\/\/www.vinanahuel.cl\/wp-content\/uploads\/2022\/02\/vina-nahuel-wein-aus-chile-handgemacht-1024x681.jpg 1024w, https:\/\/www.vinanahuel.cl\/wp-content\/uploads\/2022\/02\/vina-nahuel-wein-aus-chile-handgemacht-600x399.jpg 600w, https:\/\/www.vinanahuel.cl\/wp-content\/uploads\/2022\/02\/vina-nahuel-wein-aus-chile-handgemacht-300x199.jpg 300w, https:\/\/www.vinanahuel.cl\/wp-content\/uploads\/2022\/02\/vina-nahuel-wein-aus-chile-handgemacht-768x511.jpg 768w, https:\/\/www.vinanahuel.cl\/wp-content\/uploads\/2022\/02\/vina-nahuel-wein-aus-chile-handgemacht-1536x1021.jpg 1536w, https:\/\/www.vinanahuel.cl\/wp-content\/uploads\/2022\/02\/vina-nahuel-wein-aus-chile-handgemacht-2048x1362.jpg 2048w, https:\/\/www.vinanahuel.cl\/wp-content\/uploads\/2022\/02\/vina-nahuel-wein-aus-chile-handgemacht-18x12.jpg 18w\" sizes=\"(max-width: 1024px) 100vw, 1024px\" \/>\t\t\t\t\t\t\t\t\t\t\t\t\t\t\t<\/div>\n\t\t\t\t<\/div>\n\t\t\t\t\t<\/div>\n\t\t<\/div>\n\t\t\t\t\t<\/div>\n\t\t<\/section>\n\t\t\t\t\t<\/div>\n\t\t<\/div>\n\t\t\t\t\t<\/div>\n\t\t<\/section>\n\t\t\t\t<section class=\"elementor-section elementor-top-section elementor-element elementor-element-56ff73f0 elementor-section-full_width elementor-section-content-bottom elementor-section-height-default elementor-section-height-default\" data-id=\"56ff73f0\" data-element_type=\"section\" data-e-type=\"section\" data-settings=\"{&quot;jet_parallax_layout_list&quot;:[]}\">\n\t\t\t\t\t\t<div class=\"elementor-container elementor-column-gap-no\">\n\t\t\t\t\t<div class=\"elementor-column elementor-col-100 elementor-top-column elementor-element elementor-element-303b5efb\" data-id=\"303b5efb\" data-element_type=\"column\" data-e-type=\"column\">\n\t\t\t<div class=\"elementor-widget-wrap elementor-element-populated\">\n\t\t\t\t\t\t<div class=\"elementor-element elementor-element-4e3ce3e0 elementor-widget elementor-widget-text-editor\" data-id=\"4e3ce3e0\" data-element_type=\"widget\" data-e-type=\"widget\" data-widget_type=\"text-editor.default\">\n\t\t\t\t<div class=\"elementor-widget-container\">\n\t\t\t\t\t\t\t\t\t<div class=\"elementStandard elementContent elementText elementText_var0\">In enger Zusammenarbeit und mit R\u00fccksicht auf Natur und Umwelt bewirtschaftet Daniel Wiederkehr seinen Weingarten nach strikten Bio-Grund\u00e4tzen, auf Mondphasen ausgerichtet, mit selbst hergestelltem Kompost und viel Handarbeit. Die \u00fcberschaubare Gr\u00f6sse des 6 Hektar-Betriebs gestattet ausserdem die intensive Pflege vieler kleiner Details.<\/div>\t\t\t\t\t\t\t\t<\/div>\n\t\t\t\t<\/div>\n\t\t\t\t\t<\/div>\n\t\t<\/div>\n\t\t\t\t\t<\/div>\n\t\t<\/section>\n\t\t\t\t<section class=\"elementor-section elementor-top-section elementor-element elementor-element-121c6c84 elementor-section-full_width elementor-section-height-min-height elementor-section-items-stretch elementor-section-height-default\" data-id=\"121c6c84\" data-element_type=\"section\" data-e-type=\"section\" data-settings=\"{&quot;jet_parallax_layout_list&quot;:[]}\">\n\t\t\t\t\t\t<div class=\"elementor-container elementor-column-gap-default\">\n\t\t\t\t\t<div class=\"elementor-column elementor-col-100 elementor-top-column elementor-element elementor-element-7ddf53c2\" data-id=\"7ddf53c2\" data-element_type=\"column\" data-e-type=\"column\">\n\t\t\t<div class=\"elementor-widget-wrap elementor-element-populated\">\n\t\t\t\t\t\t<section class=\"elementor-section elementor-inner-section elementor-element elementor-element-51788a8b elementor-section-boxed elementor-section-height-default elementor-section-height-default\" data-id=\"51788a8b\" data-element_type=\"section\" data-e-type=\"section\" data-settings=\"{&quot;jet_parallax_layout_list&quot;:[]}\">\n\t\t\t\t\t\t<div class=\"elementor-container elementor-column-gap-default\">\n\t\t\t\t\t<div class=\"elementor-column elementor-col-100 elementor-inner-column elementor-element elementor-element-23050af8\" data-id=\"23050af8\" data-element_type=\"column\" data-e-type=\"column\">\n\t\t\t<div class=\"elementor-widget-wrap elementor-element-populated\">\n\t\t\t\t\t\t<div class=\"elementor-element elementor-element-255cd5e2 elementor-invisible elementor-widget elementor-widget-heading\" data-id=\"255cd5e2\" data-element_type=\"widget\" data-e-type=\"widget\" data-settings=\"{&quot;_animation&quot;:&quot;fadeIn&quot;}\" data-widget_type=\"heading.default\">\n\t\t\t\t<div class=\"elementor-widget-container\">\n\t\t\t\t\t<h3 class=\"elementor-heading-title elementor-size-default\">Das Beste aus zwei Welten:<\/h3>\t\t\t\t<\/div>\n\t\t\t\t<\/div>\n\t\t\t\t<div class=\"elementor-element elementor-element-4dfe3cc6 elementor-invisible elementor-widget elementor-widget-heading\" data-id=\"4dfe3cc6\" data-element_type=\"widget\" data-e-type=\"widget\" data-settings=\"{&quot;_animation&quot;:&quot;fadeIn&quot;,&quot;_animation_delay&quot;:&quot;400&quot;}\" data-widget_type=\"heading.default\">\n\t\t\t\t<div class=\"elementor-widget-container\">\n\t\t\t\t\t<h2 class=\"elementor-heading-title elementor-size-default\">Authentische Charakterweine zwischen Bordelaiser Eleganz und Chilenischer W\u00fcrze.<\/h2>\t\t\t\t<\/div>\n\t\t\t\t<\/div>\n\t\t\t\t\t<\/div>\n\t\t<\/div>\n\t\t\t\t\t<\/div>\n\t\t<\/section>\n\t\t\t\t<section class=\"elementor-section elementor-inner-section elementor-element elementor-element-65a55268 elementor-section-boxed elementor-section-height-default elementor-section-height-default\" data-id=\"65a55268\" data-element_type=\"section\" data-e-type=\"section\" data-settings=\"{&quot;jet_parallax_layout_list&quot;:[]}\">\n\t\t\t\t\t\t<div class=\"elementor-container elementor-column-gap-extended\">\n\t\t\t\t\t<div class=\"elementor-column elementor-col-100 elementor-inner-column elementor-element elementor-element-7a0dae46\" data-id=\"7a0dae46\" data-element_type=\"column\" data-e-type=\"column\">\n\t\t\t<div class=\"elementor-widget-wrap\">\n\t\t\t\t\t\t\t<\/div>\n\t\t<\/div>\n\t\t\t\t\t<\/div>\n\t\t<\/section>\n\t\t\t\t\t<\/div>\n\t\t<\/div>\n\t\t\t\t\t<\/div>\n\t\t<\/section>\n\t\t\t\t<\/div>\n\t\t","protected":false},"excerpt":{"rendered":"<p>VI\u00d1A NAHUEL In enger Zusammenarbeit und mit R\u00fccksicht auf Natur und Umwelt bewirtschaftet Daniel Wiederkehr seinen Weingarten nach strikten Bio-Grund\u00e4tzen, auf Mondphasen ausgerichtet, mit selbst hergestelltem Kompost und viel Handarbeit. Die \u00fcberschaubare Gr\u00f6sse des 6 Hektar-Betriebs gestattet ausserdem die intensive Pflege vieler kleiner Details. Das Beste aus zwei Welten: Authentische Charakterweine zwischen Bordelaiser Eleganz und [&hellip;]<\/p>\n","protected":false},"author":1,"featured_media":0,"parent":0,"menu_order":0,"comment_status":"closed","ping_status":"closed","template":"elementor_header_footer","meta":{"footnotes":""},"class_list":["post-190","page","type-page","status-publish","hentry"],"_links":{"self":[{"href":"https:\/\/www.vinanahuel.cl\/es\/wp-json\/wp\/v2\/pages\/190","targetHints":{"allow":["GET"]}}],"collection":[{"href":"https:\/\/www.vinanahuel.cl\/es\/wp-json\/wp\/v2\/pages"}],"about":[{"href":"https:\/\/www.vinanahuel.cl\/es\/wp-json\/wp\/v2\/types\/page"}],"author":[{"embeddable":true,"href":"https:\/\/www.vinanahuel.cl\/es\/wp-json\/wp\/v2\/users\/1"}],"replies":[{"embeddable":true,"href":"https:\/\/www.vinanahuel.cl\/es\/wp-json\/wp\/v2\/comments?post=190"}],"version-history":[{"count":53,"href":"https:\/\/www.vinanahuel.cl\/es\/wp-json\/wp\/v2\/pages\/190\/revisions"}],"predecessor-version":[{"id":822,"href":"https:\/\/www.vinanahuel.cl\/es\/wp-json\/wp\/v2\/pages\/190\/revisions\/822"}],"wp:attachment":[{"href":"https:\/\/www.vinanahuel.cl\/es\/wp-json\/wp\/v2\/media?parent=190"}],"curies":[{"name":"gracias","href":"https:\/\/api.w.org\/{rel}","templated":true}]}}