{"id":506,"date":"2022-03-17T15:30:32","date_gmt":"2022-03-17T14:30:32","guid":{"rendered":"https:\/\/vinanahuel.siebenberge.com\/?page_id=506"},"modified":"2022-03-17T15:40:46","modified_gmt":"2022-03-17T14:40:46","slug":"datenschutz","status":"publish","type":"page","link":"https:\/\/www.vinanahuel.cl\/en\/datenschutz\/","title":{"rendered":"data protection"},"content":{"rendered":"<div data-elementor-type=\"wp-page\" data-elementor-id=\"506\" class=\"elementor elementor-506\" data-elementor-post-type=\"page\">\n\t\t\t\t\t\t<section class=\"elementor-section elementor-top-section elementor-element elementor-element-e01e287 elementor-section-boxed elementor-section-height-default elementor-section-height-default\" data-id=\"e01e287\" data-element_type=\"section\" data-e-type=\"section\" data-settings=\"{&quot;jet_parallax_layout_list&quot;:[]}\">\n\t\t\t\t\t\t<div class=\"elementor-container elementor-column-gap-default\">\n\t\t\t\t\t<div class=\"elementor-column elementor-col-100 elementor-top-column elementor-element elementor-element-ee6b15b\" data-id=\"ee6b15b\" data-element_type=\"column\" data-e-type=\"column\">\n\t\t\t<div class=\"elementor-widget-wrap elementor-element-populated\">\n\t\t\t\t\t\t<div class=\"elementor-element elementor-element-582562e elementor-widget elementor-widget-heading\" data-id=\"582562e\" data-element_type=\"widget\" data-e-type=\"widget\" data-widget_type=\"heading.default\">\n\t\t\t\t<div class=\"elementor-widget-container\">\n\t\t\t\t\t<h1 class=\"elementor-heading-title elementor-size-default\">Data protection<\/h1>\t\t\t\t<\/div>\n\t\t\t\t<\/div>\n\t\t\t\t<div class=\"elementor-element elementor-element-664905a elementor-widget elementor-widget-text-editor\" data-id=\"664905a\" data-element_type=\"widget\" data-e-type=\"widget\" data-widget_type=\"text-editor.default\">\n\t\t\t\t<div class=\"elementor-widget-container\">\n\t\t\t\t\t\t\t\t\t<p>The protection of your privacy is important to us. Please note the following points of the privacy policy. This declaration applies to all of our websites.<\/p>\t\t\t\t\t\t\t\t<\/div>\n\t\t\t\t<\/div>\n\t\t\t\t<div class=\"elementor-element elementor-element-d95c773 elementor-widget elementor-widget-heading\" data-id=\"d95c773\" data-element_type=\"widget\" data-e-type=\"widget\" data-widget_type=\"heading.default\">\n\t\t\t\t<div class=\"elementor-widget-container\">\n\t\t\t\t\t<h2 class=\"elementor-heading-title elementor-size-default\">Use of information<\/h2>\t\t\t\t<\/div>\n\t\t\t\t<\/div>\n\t\t\t\t<div class=\"elementor-element elementor-element-fbd270e elementor-widget elementor-widget-text-editor\" data-id=\"fbd270e\" data-element_type=\"widget\" data-e-type=\"widget\" data-widget_type=\"text-editor.default\">\n\t\t\t\t<div class=\"elementor-widget-container\">\n\t\t\t\t\t\t\t\t\t<p>In principle, you can visit the websites without providing any personal information. Only non-personal usage data such as your IP address, the last page visited, the browser used, date, time, etc. are evaluated anonymously in order to identify trends and improve the service. No conclusions are drawn about you personally from this.<\/p><p>In order to contact us, you will be asked to voluntarily provide data in certain areas (e.g. first name, last name, address, telephone number, email address, information and services of interest, etc.). Providing your data is essential for orders or registrations.<\/p>\t\t\t\t\t\t\t\t<\/div>\n\t\t\t\t<\/div>\n\t\t\t\t<div class=\"elementor-element elementor-element-6aa6165 elementor-widget elementor-widget-heading\" data-id=\"6aa6165\" data-element_type=\"widget\" data-e-type=\"widget\" data-widget_type=\"heading.default\">\n\t\t\t\t<div class=\"elementor-widget-container\">\n\t\t\t\t\t<h2 class=\"elementor-heading-title elementor-size-default\">No disclosure of information<\/h2>\t\t\t\t<\/div>\n\t\t\t\t<\/div>\n\t\t\t\t<div class=\"elementor-element elementor-element-21e921a elementor-widget elementor-widget-text-editor\" data-id=\"21e921a\" data-element_type=\"widget\" data-e-type=\"widget\" data-widget_type=\"text-editor.default\">\n\t\t\t\t<div class=\"elementor-widget-container\">\n\t\t\t\t\t\t\t\t\t<p>Your personal data will neither be sold nor shared with third parties outside our organization. Exceptions: external service providers who process your inquiry or order on your behalf and process the data that is absolutely necessary for this purpose. It is guaranteed that all data receiving bodies comply with the requirements of data protection and data security.<\/p>\t\t\t\t\t\t\t\t<\/div>\n\t\t\t\t<\/div>\n\t\t\t\t<div class=\"elementor-element elementor-element-786188a elementor-widget elementor-widget-heading\" data-id=\"786188a\" data-element_type=\"widget\" data-e-type=\"widget\" data-widget_type=\"heading.default\">\n\t\t\t\t<div class=\"elementor-widget-container\">\n\t\t\t\t\t<h2 class=\"elementor-heading-title elementor-size-default\">Cookies<\/h2>\t\t\t\t<\/div>\n\t\t\t\t<\/div>\n\t\t\t\t<div class=\"elementor-element elementor-element-aee528d elementor-widget elementor-widget-text-editor\" data-id=\"aee528d\" data-element_type=\"widget\" data-e-type=\"widget\" data-widget_type=\"text-editor.default\">\n\t\t\t\t<div class=\"elementor-widget-container\">\n\t\t\t\t\t\t\t\t\t<p>In certain cases, so-called cookies are used. You can set your browser to prevent cookies from being saved. However, in this case, certain services may not be available.<\/p>\t\t\t\t\t\t\t\t<\/div>\n\t\t\t\t<\/div>\n\t\t\t\t<div class=\"elementor-element elementor-element-e799bc6 elementor-widget elementor-widget-heading\" data-id=\"e799bc6\" data-element_type=\"widget\" data-e-type=\"widget\" data-widget_type=\"heading.default\">\n\t\t\t\t<div class=\"elementor-widget-container\">\n\t\t\t\t\t<h2 class=\"elementor-heading-title elementor-size-default\">Changes to this privacy policy<\/h2>\t\t\t\t<\/div>\n\t\t\t\t<\/div>\n\t\t\t\t<div class=\"elementor-element elementor-element-5a1b8ea elementor-widget elementor-widget-text-editor\" data-id=\"5a1b8ea\" data-element_type=\"widget\" data-e-type=\"widget\" data-widget_type=\"text-editor.default\">\n\t\t\t\t<div class=\"elementor-widget-container\">\n\t\t\t\t\t\t\t\t\t<p>Please note that we may modify, supplement, expand or otherwise update this privacy statement from time to time in response to changes to the services and changes in the law. Please consult this statement regularly.<\/p>\t\t\t\t\t\t\t\t<\/div>\n\t\t\t\t<\/div>\n\t\t\t\t<div class=\"elementor-element elementor-element-6f885ab elementor-widget elementor-widget-heading\" data-id=\"6f885ab\" data-element_type=\"widget\" data-e-type=\"widget\" data-widget_type=\"heading.default\">\n\t\t\t\t<div class=\"elementor-widget-container\">\n\t\t\t\t\t<h2 class=\"elementor-heading-title elementor-size-default\">Storage and backup of your data<\/h2>\t\t\t\t<\/div>\n\t\t\t\t<\/div>\n\t\t\t\t<div class=\"elementor-element elementor-element-75402ea elementor-widget elementor-widget-text-editor\" data-id=\"75402ea\" data-element_type=\"widget\" data-e-type=\"widget\" data-widget_type=\"text-editor.default\">\n\t\t\t\t<div class=\"elementor-widget-container\">\n\t\t\t\t\t\t\t\t\t<p>We take reasonable precautions and use appropriate security technologies to protect your information and will only keep it for as long as necessary for the purpose for which it was collected.<\/p>\t\t\t\t\t\t\t\t<\/div>\n\t\t\t\t<\/div>\n\t\t\t\t<div class=\"elementor-element elementor-element-893ccef elementor-widget elementor-widget-heading\" data-id=\"893ccef\" data-element_type=\"widget\" data-e-type=\"widget\" data-widget_type=\"heading.default\">\n\t\t\t\t<div class=\"elementor-widget-container\">\n\t\t\t\t\t<h2 class=\"elementor-heading-title elementor-size-default\">Legal basis<\/h2>\t\t\t\t<\/div>\n\t\t\t\t<\/div>\n\t\t\t\t<div class=\"elementor-element elementor-element-8fe255d elementor-widget elementor-widget-text-editor\" data-id=\"8fe255d\" data-element_type=\"widget\" data-e-type=\"widget\" data-widget_type=\"text-editor.default\">\n\t\t\t\t<div class=\"elementor-widget-container\">\n\t\t\t\t\t\t\t\t\t<main id=\"content\" class=\"site-main post-1260 page type-page status-publish hentry\" role=\"main\"><div class=\"page-content\"><div class=\"elementor elementor-1260\" data-elementor-type=\"wp-page\" data-elementor-id=\"1260\" data-elementor-settings=\"[]\"><div class=\"elementor-section-wrap\"><section class=\"elementor-section elementor-top-section elementor-element elementor-element-16d4374 elementor-section-boxed elementor-section-height-default elementor-section-height-default\" data-id=\"16d4374\" data-element_type=\"section\" data-settings=\"{&quot;jet_parallax_layout_list&quot;:[]}\"><div class=\"elementor-container elementor-column-gap-default\"><div class=\"elementor-column elementor-col-100 elementor-top-column elementor-element elementor-element-8ca8b11\" data-id=\"8ca8b11\" data-element_type=\"column\"><div class=\"elementor-widget-wrap elementor-element-populated\"><div class=\"elementor-element elementor-element-85a0743 elementor-widget elementor-widget-text-editor is-mac\" data-id=\"85a0743\" data-element_type=\"widget\" data-widget_type=\"text-editor.default\"><div class=\"elementor-widget-container\"><p>The Swiss Federal Data Protection Act (DSG) forms the basis of this data protection declaration.<\/p><\/div><\/div><\/div><\/div><\/div><\/section><\/div><\/div><\/div><\/main>\t\t\t\t\t\t\t\t<\/div>\n\t\t\t\t<\/div>\n\t\t\t\t\t<\/div>\n\t\t<\/div>\n\t\t\t\t\t<\/div>\n\t\t<\/section>\n\t\t\t\t<\/div>","protected":false},"excerpt":{"rendered":"<p>Datenschutzerkl\u00e4rung Der Schutz Ihrer Privatsph\u00e4re ist uns ein wichtiges Anliegen. Bitte beachten Sie die folgenden Punkte der Datenschutzerkl\u00e4rung. Die Erkl\u00e4rung gilt f\u00fcr alle unsere Webseiten. Verwendung von Informationen Grunds\u00e4tzlich k\u00f6nnen Sie die Webseiten besuchen, ohne Angaben zu Ihrer Person zu machen. Einzig unpers\u00f6nliche Nutzungsdaten wie Ihre IP-Adresse, die zuletzt besuchte Seite, der verwendete Browser, Datum, [&hellip;]<\/p>\n","protected":false},"author":1,"featured_media":0,"parent":0,"menu_order":0,"comment_status":"closed","ping_status":"closed","template":"","meta":{"footnotes":""},"class_list":["post-506","page","type-page","status-publish","hentry"],"_links":{"self":[{"href":"https:\/\/www.vinanahuel.cl\/en\/wp-json\/wp\/v2\/pages\/506","targetHints":{"allow":["GET"]}}],"collection":[{"href":"https:\/\/www.vinanahuel.cl\/en\/wp-json\/wp\/v2\/pages"}],"about":[{"href":"https:\/\/www.vinanahuel.cl\/en\/wp-json\/wp\/v2\/types\/page"}],"author":[{"embeddable":true,"href":"https:\/\/www.vinanahuel.cl\/en\/wp-json\/wp\/v2\/users\/1"}],"replies":[{"embeddable":true,"href":"https:\/\/www.vinanahuel.cl\/en\/wp-json\/wp\/v2\/comments?post=506"}],"version-history":[{"count":4,"href":"https:\/\/www.vinanahuel.cl\/en\/wp-json\/wp\/v2\/pages\/506\/revisions"}],"predecessor-version":[{"id":518,"href":"https:\/\/www.vinanahuel.cl\/en\/wp-json\/wp\/v2\/pages\/506\/revisions\/518"}],"wp:attachment":[{"href":"https:\/\/www.vinanahuel.cl\/en\/wp-json\/wp\/v2\/media?parent=506"}],"curies":[{"name":"wp","href":"https:\/\/api.w.org\/{rel}","templated":true}]}}